{"id":983,"date":"2021-05-10T18:06:16","date_gmt":"2021-05-10T18:06:16","guid":{"rendered":"https:\/\/waltonglobal.wpengine.com\/de\/?page_id=983"},"modified":"2021-11-16T14:59:22","modified_gmt":"2021-11-16T21:59:22","slug":"giving-back","status":"publish","type":"page","link":"https:\/\/walton.com\/de\/giving-back\/","title":{"rendered":"Giving Back"},"content":{"rendered":"<p>[et_pb_section fb_built=&#8221;1&#8243; module_class=&#8221;padding-0&#8243; _builder_version=&#8221;4.9.4&#8243; _module_preset=&#8221;default&#8221; use_background_color_gradient=&#8221;on&#8221; background_color_gradient_start=&#8221;rgba(0,52,72,0.41)&#8221; background_color_gradient_end=&#8221;rgba(29,77,93,0.2)&#8221; background_color_gradient_direction=&#8221;0deg&#8221; background_color_gradient_overlays_image=&#8221;on&#8221; background_image=&#8221;https:\/\/walton.com\/de\/wp-content\/uploads\/sites\/6\/2021\/09\/IMG_0694_2021-07-27_19_10_21_CROPPED-min-scaled.jpg&#8221; module_alignment=&#8221;center&#8221; custom_padding=&#8221;0px||0px||true|false&#8221; locked=&#8221;off&#8221;][et_pb_row _builder_version=&#8221;4.9.4&#8243; _module_preset=&#8221;default&#8221; positioning=&#8221;absolute&#8221; position_origin_a=&#8221;center_center&#8221; z_index=&#8221;10&#8243; max_width=&#8221;1300px&#8221;][et_pb_column type=&#8221;4_4&#8243; _builder_version=&#8221;4.9.4&#8243; _module_preset=&#8221;default&#8221;][et_pb_text _builder_version=&#8221;4.9.4&#8243; _module_preset=&#8221;default&#8221; header_text_color=&#8221;#FFFFFF&#8221; animation_style=&#8221;slide&#8221; animation_direction=&#8221;left&#8221; animation_duration=&#8221;2000ms&#8221; animation_intensity_slide=&#8221;15%&#8221; animation_speed_curve=&#8221;ease&#8221; hover_enabled=&#8221;0&#8243; header_font_size_tablet=&#8221;25px&#8221; header_font_size_phone=&#8221;22px&#8221; header_font_size_last_edited=&#8221;on|tablet&#8221; sticky_enabled=&#8221;0&#8243;]<\/p>\n<h1 style=\"text-transform: uppercase;\">Philanthropische Bestrebungen<br \/>\nzur Verbesserung des Lebens<\/h1>\n<p>[\/et_pb_text][\/et_pb_column][\/et_pb_row][et_pb_row disabled_on=&#8221;off|off|off&#8221; module_class=&#8221;visibility-hidden&#8221; _builder_version=&#8221;4.9.4&#8243; _module_preset=&#8221;default&#8221; width=&#8221;100%&#8221; max_width=&#8221;100%&#8221; min_height=&#8221;250px&#8221; max_height=&#8221;500px&#8221; custom_padding=&#8221;0px||0px||true|false&#8221; custom_css_main_element=&#8221;visibility: hidden;&#8221;][et_pb_column type=&#8221;4_4&#8243; _builder_version=&#8221;4.9.4&#8243; _module_preset=&#8221;default&#8221;][et_pb_image src=&#8221;https:\/\/walton.com\/de\/wp-content\/uploads\/sites\/6\/2021\/05\/1583745168.jpeg&#8221; title_text=&#8221;1583745168&#8243; _builder_version=&#8221;4.9.4&#8243; _module_preset=&#8221;default&#8221; width=&#8221;100%&#8221;][\/et_pb_image][\/et_pb_column][\/et_pb_row][\/et_pb_section][et_pb_section fb_built=&#8221;1&#8243; _builder_version=&#8221;4.9.4&#8243; _module_preset=&#8221;default&#8221; background_color=&#8221;#fefefe&#8221;][et_pb_row _builder_version=&#8221;4.9.4&#8243; _module_preset=&#8221;default&#8221; max_width=&#8221;1300px&#8221; custom_padding=&#8221;0px||0px||false|false&#8221;][et_pb_column type=&#8221;4_4&#8243; _builder_version=&#8221;4.9.4&#8243; _module_preset=&#8221;default&#8221;][et_pb_text _builder_version=&#8221;4.9.4&#8243; _module_preset=&#8221;default&#8221; custom_margin=&#8221;||20px||false|false&#8221; hover_enabled=&#8221;0&#8243; sticky_enabled=&#8221;0&#8243;]<\/p>\n<h2 style=\"font-size: 20px; color: #5582a0!important; letter-spacing: 1px;\">ZUR\u00dcCKGEBEN<\/h2>\n<p>[\/et_pb_text][et_pb_text _builder_version=&#8221;4.9.4&#8243; _module_preset=&#8221;default&#8221; text_text_color=&#8221;#003448&#8243; text_font_size=&#8221;16px&#8221; custom_margin=&#8221;||0px||false|false&#8221; hover_enabled=&#8221;0&#8243; sticky_enabled=&#8221;0&#8243;]<\/p>\n<p><span>Walton setzt sich f\u00fcr einen positiven, philantrophischen Beitrag f\u00fcr die Regionen ein, in denen das Unternehmen t\u00e4tig ist. Unsere Mission ist es, benachteiligten Kindern und Familien durch Geldspenden und Grundst\u00fccks\u00fcbertragungen M\u00f6glichkeiten und Unterst\u00fctzung zu bieten und unsere Mitarbeiter zu ermutigen, in den Gemeinden, in denen sie leben und arbeiten, ehrenamtliche T\u00e4tigkeiten zu \u00fcbernehmen.<\/span><\/p>\n<p>[\/et_pb_text][et_pb_text _builder_version=&#8221;4.9.4&#8243; _module_preset=&#8221;default&#8221; text_text_color=&#8221;#003448&#8243; text_font_size=&#8221;16px&#8221; hover_enabled=&#8221;0&#8243; sticky_enabled=&#8221;0&#8243;]<\/p>\n<p><span>Waltons philanthropische Bem\u00fchungen unterst\u00fctzen Gemeinden im In- und Ausland und beziehen mehr als 40 St\u00e4dte auf der ganzen Welt ein, darunter in Kanada, in den USA, Hongkong, Singapur, Festlandchina und Dubai.<\/span><\/p>\n<p>[\/et_pb_text][\/et_pb_column][\/et_pb_row][\/et_pb_section][et_pb_section fb_built=&#8221;1&#8243; _builder_version=&#8221;4.9.4&#8243; _module_preset=&#8221;default&#8221; custom_margin=&#8221;0px||0px||true|false&#8221; custom_padding=&#8221;10px||10px||true|false&#8221; border_width_bottom=&#8221;2px&#8221; border_color_bottom=&#8221;#eeeeee&#8221;][et_pb_row _builder_version=&#8221;4.9.4&#8243; _module_preset=&#8221;default&#8221; max_width=&#8221;1300px&#8221; custom_margin=&#8221;0px||0px||true|false&#8221; custom_padding=&#8221;0px||0px||true|false&#8221;][et_pb_column type=&#8221;4_4&#8243; _builder_version=&#8221;4.9.4&#8243; _module_preset=&#8221;default&#8221;][et_pb_text module_class=&#8221;custom-filters&#8221; _builder_version=&#8221;4.9.4&#8243; _module_preset=&#8221;default&#8221; custom_margin=&#8221;0px||0px||true|false&#8221; custom_padding=&#8221;0px||0px||true|false&#8221;]<\/p>\n<div class=\"alm-filters alm-filters-container filters-blue\" id=\"alm-filters-gbfilters\" data-target=\"alm_selected_filters\" data-style=\"change\" data-id=\"gbfilters\" ><div class=\"alm-filter alm-filter--group alm-filter--taxonomy\" id=\"alm-filter-1\" data-key=\"taxonomy\" data-fieldtype=\"select\" data-taxonomy=\"region_giving_back\" data-taxonomy-operator=\"IN\" data-taxonomy-include-children=\"true\" data-selected-value=\"\" data-default-value=\"\"><div class=\"alm-filter--inner\"><div class=\"alm-filter--select \"><select id=\"taxonomy-select-1\" class=\"alm-filter--item\"><option value=\"#\">Alle Regionen<\/option><option id=\"select-africa\" value=\"africa\" data-name=\"Africa\">Africa<\/option><option id=\"select-asia\" value=\"asia\" data-name=\"Asia\">Asia<\/option><option id=\"select-canada\" value=\"canada\" data-name=\"Canada\">Canada<\/option><option id=\"select-europe\" value=\"europe\" data-name=\"Europe\">Europe<\/option><option id=\"select-mexico\" value=\"mexico\" data-name=\"Mexico\">Mexico<\/option><option id=\"select-united-states\" value=\"united-states\" data-name=\"United States\">United States<\/option><\/select><\/div><\/div><\/div><div class=\"alm-filters--loading\"><\/div><\/div>\n<p>[\/et_pb_text][\/et_pb_column][\/et_pb_row][\/et_pb_section][et_pb_section fb_built=&#8221;1&#8243; _builder_version=&#8221;4.9.4&#8243; _module_preset=&#8221;default&#8221; background_color=&#8221;#fefefe&#8221; custom_padding=&#8221;||||true|false&#8221;][et_pb_row _builder_version=&#8221;4.9.4&#8243; _module_preset=&#8221;default&#8221; max_width=&#8221;1300px&#8221; custom_margin=&#8221;0px||0px||true|false&#8221; custom_padding=&#8221;0px||0px||true|false&#8221;][et_pb_column type=&#8221;4_4&#8243; _builder_version=&#8221;4.9.4&#8243; _module_preset=&#8221;default&#8221;][et_pb_code _builder_version=&#8221;4.9.4&#8243; _module_preset=&#8221;default&#8221; custom_margin=&#8221;0px||0px||true|false&#8221; custom_padding=&#8221;0px||0px||true|false&#8221;][\/et_pb_code][et_pb_text module_class=&#8221;giving-back&#8221; _builder_version=&#8221;4.9.4&#8243; _module_preset=&#8221;default&#8221; hover_enabled=&#8221;0&#8243; sticky_enabled=&#8221;0&#8243;]<\/p>\n<div id=\"ajax-load-more\" class=\"ajax-load-more-wrap white\" data-id=\"alm_selected_filters\" data-alm-id=\"\" data-canonical-url=\"https:\/\/walton.com\/de\/giving-back\/\" data-slug=\"giving-back\" data-post-id=\"983\"  data-localized=\"ajax_load_more_alm_selected_filters_vars\" data-alm-object=\"ajax_load_more_alm_selected_filters\"><div aria-live=\"polite\" aria-atomic=\"true\" class=\"alm-listing alm-ajax\" data-filters=\"true\" data-filters-target=\"\" data-filters-url=\"true\" data-filters-paging=\"true\" data-filters-scroll=\"false\" data-filters-scrolltop=\"30\" data-container-type=\"div\" data-loading-style=\"white\" data-repeater=\"default\" data-post-type=\"giving-back-posts\" data-order=\"DESC\" data-orderby=\"date\" data-offset=\"0\" data-posts-per-page=\"10\" data-scroll=\"false\" data-button-label=\"Mehr laden\"><\/div><noscript><div class=\"alm-listing alm-noscript\"><section>\n   <div class=\"img-wrapper\">\n   \t\t<img decoding=\"async\" src=\"https:\/\/walton.com\/de\/wp-content\/uploads\/sites\/6\/2021\/08\/1583868430.jpg\">\n\t<\/div> \n\t<h4>Our Lady Queen of Peace Ranch Calgary<\/h4> \n\t<span>Bragg Creek, Alberta, Canada<\/span> \t\t\n\t<p><p>Diese nicht konfessionelle, gemeinnu\u0308tzige Organisation wurde 1988 gegru\u0308ndet. Sie bietet Kindern mit k\u00f6rperlichen, mentalen, finanziellen und\/oder emotionalen Schwierigkeiten im Alter von 0 bis 18 Jahren ein gro\u00dfartiges Ranch-Erlebnis. Mit Freizeitbesch\u00e4ftigungen, wie Reiten, Wandern, Angeln, Schwimmen und Kanufahren, hat die Ranch das Leben von mehr als 250.000 Menschen bereichert.<\/p>\n<\/p><\/section>\n<section>\n   <div class=\"img-wrapper\">\n   \t\t<img decoding=\"async\" src=\"https:\/\/walton.com\/de\/wp-content\/uploads\/sites\/6\/2021\/08\/1583868482.jpg\">\n\t<\/div> \n\t<h4>Our Lady Queen of Peace Ranch<\/h4> \n\t<span>North Edmonton, Alberta, Canada<\/span> \t\t\n\t<p><p>Die Ranch wurde 2009 er\u00f6ffnet und liegt auf 86 Hektar Land voller Pr\u00e4riegras, n\u00f6rdlichem Nadelwald und sauberen, schimmernden Seen. Den Familien stehen fu\u0308nf Programme zur Verfu\u0308gung, darunter Tagesausflu\u0308ge, Camping au\u00dferhalb der Saison, einw\u00f6chige Sommercamps mit Unterbringung, Wochenend-Familiencamps und die j\u00e4hrliche Kinderweihnachtsfeier.<\/p>\n<\/p><\/section>\n<section>\n   <div class=\"img-wrapper\">\n   \t\t<img decoding=\"async\" src=\"https:\/\/walton.com\/de\/wp-content\/uploads\/sites\/6\/2021\/08\/1583868634.jpg\">\n\t<\/div> \n\t<h4>Stiftung Our Lady Queen of Peace<\/h4> \n\t<span>Alberta, Kanada<\/span> \t\t\n\t<p><p>Dieses bleibende Verm\u00e4chtnis finanziert zwei Ranches in Alberta, Kanada. Es bietet inspirierende, landschaftlich reizvolle Standorte fu\u0308r benachteiligte Kinder, ohne Kosten fu\u0308r ihre Familien zu verursachen.<\/p>\n<\/p><\/section>\n<section>\n   <div class=\"img-wrapper\">\n   \t\t<img decoding=\"async\" src=\"https:\/\/walton.com\/de\/wp-content\/uploads\/sites\/6\/2021\/08\/1583868668.jpg\">\n\t<\/div> \n\t<h4>Bildungszentrum Our Lady Queen of Peace in Tansan\u00eda<\/h4> \n\t<span>Tansan\u00eda<\/span> \t\t\n\t<p><p>Eine Grundschule, eine Mittelschule und eine weiterfu\u0308hrende Schule wurden gebaut, um einheimischen Kindern eine kostenlose Ausbildung zu erm\u00f6glichen. Das Zentrum sorgte, dank der Arbeitspl\u00e4tze im Baugewerbe und eines nachhaltigen Wachstums der Gemeinde, fu\u0308r einen wirtschaftlichen Aufschwung in der Region. Die Doherty-Stiftung hat u\u0308ber 10 Millionen US-Dollar fu\u0308r dieses gemeinnu\u0308tzige und ehrgeizige Projekt zugesagt.<\/p>\n<\/p><\/section>\n<section>\n   <div class=\"img-wrapper\">\n   \t\t<img decoding=\"async\" src=\"https:\/\/walton.com\/de\/wp-content\/uploads\/sites\/6\/2021\/08\/1583868686.jpg\">\n\t<\/div> \n\t<h4>Bildungszentrum Our Lady Queen of Peace<\/h4> \n\t<span>Tlapa, Mexiko<\/span> \t\t\n\t<p><p>In Tlapa wurde eine Reihe von Projekten entwickelt, darunter Gemeindezentren in Los Reyes und San Jose. Weitere Projekte zur Unterstu\u0308tzung des Lebens der Menschen in der Region sind eine Wasserstation in San Jose, eine gro\u00dfe Bildungsanstalt, ein Menschenrechtszentrum, sowie Lebensmittel- und Kleidungsspenden fu\u0308r arme Menschen.<\/p>\n<\/p><\/section>\n<section>\n   <div class=\"img-wrapper\">\n   \t\t<img decoding=\"async\" src=\"https:\/\/walton.com\/de\/wp-content\/uploads\/sites\/6\/2021\/08\/1583029026.jpg\">\n\t<\/div> \n\t<h4>Our Lady Queen of Peace<\/h4> \n\t<span>Medjugorje, Bosnien und Herzegowina<\/span> \t\t\n\t<p><p>Ein Frauenhaus wurde finanziert, um misshandelten Frauen und ihren Kindern einen sicheren Ort zu bieten. Unsere Finanzierung unterstu\u0308tzt auch bei der Bezahlung der Haus-, Lebensmittel-, Strom- und Gasrechnungen.<\/p>\n<\/p><\/section>\n<section>\n   <div class=\"img-wrapper\">\n   \t\t<img decoding=\"async\" src=\"https:\/\/walton.com\/de\/wp-content\/uploads\/sites\/6\/2021\/08\/1583868721.jpg\">\n\t<\/div> \n\t<h4>45. Jahrestag JCI Peninsula<\/h4> \n\t<span>Hongkong<\/span> \t\t\n\t<p><p>Walton war der Titel-Sponsor fu\u0308r ein bemerkenswert erfolgreiches Konzert zum 45-j\u00e4hrigen Jubil\u00e4um von JCI Peninsula. Fu\u0308r jeweils zwei verkaufte Tickets wurde ein Kind aus einer Familie mit niedrigerem Einkommen kostenlos zum Konzert eingeladen.<\/p>\n<\/p><\/section>\n<section>\n   <div class=\"img-wrapper\">\n   \t\t<img decoding=\"async\" src=\"https:\/\/walton.com\/de\/wp-content\/uploads\/sites\/6\/2021\/08\/1583868740.jpg\">\n\t<\/div> \n\t<h4>Die 1. Grundschule der JCI Peninsula Walton International Group<\/h4> \n\t<span>Injing, Provinz Guizhou, China<\/span> \t\t\n\t<p><p>Walton half 2014 beim Wiederaufbau der Schule. Die neue 173 Quadratmeter gro\u00dfe Einrichtung fu\u0308r unterrepr\u00e4sentierte Kinder verfu\u0308gt u\u0308ber 5 Etagen, 12 Klassenzimmer, Gru\u0308nfl\u00e4chen und einen Basketballplatz.<\/p>\n<\/p><\/section>\n<section>\n   <div class=\"img-wrapper\">\n   \t\t<img decoding=\"async\" src=\"https:\/\/walton.com\/de\/wp-content\/uploads\/sites\/6\/2021\/08\/1583868757.jpg\">\n\t<\/div> \n\t<h4>Walton Gemeinschaftsfonds fu\u0308r das Prince George&#8217;s County<\/h4> \n\t<span>Prince George\u2019s County, Maryland<\/span> \t\t\n\t<p><p>Walton spendete drei Jahre lang 200.000 USD pro Jahr, insgesamt 600.000 USD, an das Prince George&#8217;s County, Maryland, um sein Engagement fu\u0308r den Bezirk zu st\u00e4rken. Die Mittel werden ungef\u00e4hr zu gleichen Teilen auf die spezifischen Bedu\u0308rfnisse der Gemeinde und des Bildungswesens verteilt.<\/p>\n<\/p><\/section>\n<section>\n   <div class=\"img-wrapper\">\n   \t\t<img decoding=\"async\" src=\"https:\/\/walton.com\/de\/wp-content\/uploads\/sites\/6\/2021\/08\/1583868806.jpg\">\n\t<\/div> \n\t<h4>Spende an das Family Justice Center in San Marcos-Hays County<\/h4> \n\t<span>San Marcos, Texas<\/span> \t\t\n\t<p><p>Walton u\u0308berreichte dem Family Justice Center in San Marcos-Hays einen Scheck u\u0308ber 25.000 US-Dollar, um den Hauptcampus des Ortes in San Marcos, Texas, zu finanzieren. Mit der Spende soll ein Zentrum fu\u0308r Opfer von Gewalt errichtet werden, darunter Familien, Einzelpersonen und Jugendliche, die von h\u00e4uslicher Gewalt betroffen sind.<\/p>\n<\/p><\/section>\n<\/div><div class=\"alm-paging\">Pages: <span class=\"page\"><a href=\"https:\/\/walton.com\/de\/giving-back\/?pg=1\">1<\/a><\/span><span class=\"page\"><a href=\"https:\/\/walton.com\/de\/giving-back\/?pg=2\">2<\/a><\/span><span class=\"page\"><a href=\"https:\/\/walton.com\/de\/giving-back\/?pg=3\">3<\/a><\/span><span class=\"page\"><a href=\"https:\/\/walton.com\/de\/giving-back\/?pg=4\">4<\/a><\/span><span class=\"page\"><a href=\"https:\/\/walton.com\/de\/giving-back\/?pg=5\">5<\/a><\/span><\/div><\/noscript><div class=\"alm-btn-wrap\" data-rel=\"ajax-load-more\"><button class=\"alm-load-more-btn more \" type=\"button\">Mehr laden<\/button><\/div><\/div>\n<p>[\/et_pb_text][\/et_pb_column][\/et_pb_row][\/et_pb_section]<\/p>\n","protected":false},"excerpt":{"rendered":"<p>[et_pb_section fb_built=&#8221;1&#8243; module_class=&#8221;padding-0&#8243; _builder_version=&#8221;4.9.4&#8243; _module_preset=&#8221;default&#8221; use_background_color_gradient=&#8221;on&#8221; background_color_gradient_start=&#8221;rgba(0,52,72,0.41)&#8221; background_color_gradient_end=&#8221;rgba(29,77,93,0.2)&#8221; background_color_gradient_direction=&#8221;0deg&#8221; background_color_gradient_overlays_image=&#8221;on&#8221; background_image=&#8221;https:\/\/walton.com\/de\/wp-content\/uploads\/sites\/6\/2021\/09\/IMG_0694_2021-07-27_19_10_21_CROPPED-min-scaled.jpg&#8221; module_alignment=&#8221;center&#8221; custom_padding=&#8221;0px||0px||true|false&#8221; locked=&#8221;off&#8221;][et_pb_row _builder_version=&#8221;4.9.4&#8243; _module_preset=&#8221;default&#8221; positioning=&#8221;absolute&#8221; position_origin_a=&#8221;center_center&#8221; z_index=&#8221;10&#8243; max_width=&#8221;1300px&#8221;][et_pb_column [&hellip;]<\/p>\n","protected":false},"author":1,"featured_media":0,"parent":0,"menu_order":0,"comment_status":"closed","ping_status":"closed","template":"","meta":{"_acf_changed":false,"_et_pb_use_builder":"on","_et_pb_old_content":"<!-- wp:divi\/placeholder \/-->","_et_gb_content_width":"","footnotes":""},"class_list":["post-983","page","type-page","status-publish","hentry"],"acf":[],"_links":{"self":[{"href":"https:\/\/walton.com\/de\/wp-json\/wp\/v2\/pages\/983","targetHints":{"allow":["GET"]}}],"collection":[{"href":"https:\/\/walton.com\/de\/wp-json\/wp\/v2\/pages"}],"about":[{"href":"https:\/\/walton.com\/de\/wp-json\/wp\/v2\/types\/page"}],"author":[{"embeddable":true,"href":"https:\/\/walton.com\/de\/wp-json\/wp\/v2\/users\/1"}],"replies":[{"embeddable":true,"href":"https:\/\/walton.com\/de\/wp-json\/wp\/v2\/comments?post=983"}],"version-history":[{"count":0,"href":"https:\/\/walton.com\/de\/wp-json\/wp\/v2\/pages\/983\/revisions"}],"wp:attachment":[{"href":"https:\/\/walton.com\/de\/wp-json\/wp\/v2\/media?parent=983"}],"curies":[{"name":"wp","href":"https:\/\/api.w.org\/{rel}","templated":true}]}}