{"id":952,"date":"2021-05-10T17:54:35","date_gmt":"2021-05-10T17:54:35","guid":{"rendered":"https:\/\/waltonglobal.wpengine.com\/de\/?page_id=952"},"modified":"2022-09-01T23:18:51","modified_gmt":"2022-09-02T06:18:51","slug":"development","status":"publish","type":"page","link":"https:\/\/walton.com\/de\/development\/","title":{"rendered":"Development"},"content":{"rendered":"<p>[et_pb_section fb_built=&#8221;1&#8243; module_class=&#8221;padding-0&#8243; _builder_version=&#8221;4.9.4&#8243; _module_preset=&#8221;default&#8221; use_background_color_gradient=&#8221;on&#8221; background_color_gradient_start=&#8221;rgba(0,52,72,0.41)&#8221; background_color_gradient_end=&#8221;rgba(29,77,93,0.2)&#8221; background_color_gradient_direction=&#8221;0deg&#8221; background_color_gradient_overlays_image=&#8221;on&#8221; background_image=&#8221;https:\/\/walton.com\/de\/wp-content\/uploads\/sites\/6\/2021\/05\/1619140526-scaled.jpeg&#8221; module_alignment=&#8221;center&#8221; custom_padding=&#8221;0px||0px||true|false&#8221; locked=&#8221;off&#8221;][et_pb_row _builder_version=&#8221;4.9.4&#8243; _module_preset=&#8221;default&#8221; positioning=&#8221;absolute&#8221; position_origin_a=&#8221;center_center&#8221; z_index=&#8221;10&#8243; max_width=&#8221;1300px&#8221;][et_pb_column type=&#8221;4_4&#8243; _builder_version=&#8221;4.9.4&#8243; _module_preset=&#8221;default&#8221;][et_pb_text _builder_version=&#8221;4.9.4&#8243; _module_preset=&#8221;default&#8221; header_text_color=&#8221;#FFFFFF&#8221; animation_style=&#8221;slide&#8221; animation_direction=&#8221;left&#8221; animation_duration=&#8221;2000ms&#8221; animation_intensity_slide=&#8221;15%&#8221; animation_speed_curve=&#8221;ease&#8221; header_font_size_tablet=&#8221;25px&#8221; header_font_size_phone=&#8221;22px&#8221; header_font_size_last_edited=&#8221;on|tablet&#8221;]<\/p>\n<h1>ENTWICKLUNG<\/h1>\n<p>[\/et_pb_text][\/et_pb_column][\/et_pb_row][et_pb_row disabled_on=&#8221;off|off|off&#8221; module_class=&#8221;visibility-hidden&#8221; _builder_version=&#8221;4.9.4&#8243; _module_preset=&#8221;default&#8221; width=&#8221;100%&#8221; max_width=&#8221;100%&#8221; min_height=&#8221;250px&#8221; max_height=&#8221;500px&#8221; custom_padding=&#8221;0px||0px||true|false&#8221; custom_css_main_element=&#8221;visibility: hidden;&#8221;][et_pb_column type=&#8221;4_4&#8243; _builder_version=&#8221;4.9.4&#8243; _module_preset=&#8221;default&#8221;][et_pb_image src=&#8221;https:\/\/walton.com\/de\/wp-content\/uploads\/sites\/6\/2021\/05\/1583745168.jpeg&#8221; title_text=&#8221;1583745168&#8243; _builder_version=&#8221;4.9.4&#8243; _module_preset=&#8221;default&#8221; width=&#8221;100%&#8221;][\/et_pb_image][\/et_pb_column][\/et_pb_row][\/et_pb_section][et_pb_section fb_built=&#8221;1&#8243; _builder_version=&#8221;4.9.4&#8243; _module_preset=&#8221;default&#8221; custom_padding=&#8221;0px||0px||false|false&#8221;][et_pb_row _builder_version=&#8221;4.9.4&#8243; _module_preset=&#8221;default&#8221; width=&#8221;95%&#8221; max_width=&#8221;100%&#8221; custom_padding=&#8221;10px||12px|||&#8221; custom_css_main_element=&#8221;font-size: 14px;&#8221;][et_pb_column type=&#8221;4_4&#8243; _builder_version=&#8221;4.9.4&#8243; _module_preset=&#8221;default&#8221;][et_pb_code module_class=&#8221;who-we-are-slide-text&#8221; _builder_version=&#8221;4.9.4&#8243; _module_preset=&#8221;default&#8221; positioning=&#8221;relative&#8221; text_orientation=&#8221;right&#8221; custom_margin=&#8221;||||false|false&#8221; animation_style=&#8221;slide&#8221; animation_direction=&#8221;right&#8221; animation_duration=&#8221;2000ms&#8221; animation_intensity_slide=&#8221;15%&#8221; animation_speed_curve=&#8221;ease&#8221; scroll_horizontal_motion=&#8221;0|48|48|100|4|0|-4&#8243; motion_trigger_start=&#8221;top&#8221; hover_enabled=&#8221;0&#8243; animation_duration_tablet=&#8221;3000ms&#8221; animation_duration_phone=&#8221;1000ms&#8221; animation_duration_last_edited=&#8221;on|phone&#8221; custom_css_main_element=&#8221;font-size: 14px;&#8221; sticky_enabled=&#8221;0&#8243;]<span><strong>Silver Peaks<\/strong><\/span><i class=\"fas fa-map-marker-alt\"><\/i><span><strong>171 ACRES<\/strong><\/span> <span> | <\/span> DENVER, CO[\/et_pb_code][\/et_pb_column][\/et_pb_row][\/et_pb_section][et_pb_section fb_built=&#8221;1&#8243; _builder_version=&#8221;4.9.4&#8243; _module_preset=&#8221;default&#8221;][et_pb_row _builder_version=&#8221;4.9.4&#8243; _module_preset=&#8221;default&#8221; max_width=&#8221;1300px&#8221; custom_margin=&#8221;0px||0px||false|false&#8221; custom_padding=&#8221;0px||0px||true|false&#8221;][et_pb_column type=&#8221;4_4&#8243; _builder_version=&#8221;4.9.4&#8243; _module_preset=&#8221;default&#8221;][et_pb_text _builder_version=&#8221;4.9.4&#8243; _module_preset=&#8221;default&#8221; header_2_text_color=&#8221;#5582A0&#8243; custom_margin=&#8221;0px||20px||false|false&#8221; custom_padding=&#8221;0px||0px||false|false&#8221;]<\/p>\n<h2>UNSER GESCH\u00c4FT<\/h2>\n<p>[\/et_pb_text][et_pb_text _builder_version=&#8221;4.9.4&#8243; _module_preset=&#8221;default&#8221; text_font=&#8221;||||||||&#8221; text_text_color=&#8221;#003448&#8243; text_font_size=&#8221;16px&#8221; text_line_height=&#8221;24px&#8221; ul_font=&#8221;||||||||&#8221; ul_text_color=&#8221;#003448&#8243; ul_font_size=&#8221;16px&#8221; ul_line_height=&#8221;26px&#8221; header_text_color=&#8221;#003448&#8243; header_2_text_color=&#8221;#5582A0&#8243; header_3_text_color=&#8221;#5582A0&#8243; max_width=&#8221;1300px&#8221; custom_margin=&#8221;0px||0px||false|false&#8221; custom_padding=&#8221;0px||0px||true|false&#8221;]<\/p>\n<h3>Vorteile einer Landinvestition mit Walton<\/h3>\n<p>Waltons Auswahl von Bauland basiert auf unserem Front-End-Akquisitionsprozess in Verbindung mit unserer langj\u00e4hrigen Erfahrung im Landmanagement. Wir verf\u00fcgen \u00fcber einen vielf\u00e4ltigen Bestand an erschlie\u00dfbaren Grundst\u00fccken in Nordamerika, die f\u00fcr Wohn-, Gewerbe- und Industriezwecke geeignet sind und der Bau- und Entwicklungsindustrie zur Verf\u00fcgung stehen.<\/p>\n<h3>Unser Ansatz<\/h3>\n<p>Unsere Vorgehensweise bei der Suche nach Bauland beginnt mit einer eingehenden Untersuchung der \u00f6rtlichen Gegebenheiten unter Ber\u00fccksichtigung von Immobilientrends, Bebauungsbeschr\u00e4nkungen, nahe gelegenen Einrichtungen, K\u00e4ufernachfrage und mehr. Mit Hilfe von Drittparteien, einschlie\u00dflich Bautr\u00e4gern und Hausbauern, identifiziert Walton den Erwerb von Bauland in Wachstumsregionen, die die folgenden vorl\u00e4ufigen Landkriterien erf\u00fcllen:<\/p>\n<p>Regionen mit langfristig nachhaltigem Bev\u00f6lkerungs- und stetigem Besch\u00e4ftigungswachstum.<br \/>\nRegionen mit einer vielf\u00e4ltigen Wirtschaft und Potenzial f\u00fcr nachhaltiges Wirtschaftswachstum.<br \/>\nTeilm\u00e4rkte, die ein begrenztes Angebot an erschlossenen Grundst\u00fccken und Grundst\u00fccken aufweisen, die kurz vor der Erteilung der f\u00fcr die Erschlie\u00dfung erforderlichen Baugenehmigung stehen oder diese k\u00fcrzlich erhalten haben.<\/p>\n<h3>Das Verfahren<\/h3>\n<p>Waltons Ziel ist es, Bauherren und Bautr\u00e4ger zu unterst\u00fctzen, die Grundst\u00fccke erwerben und mit der Erschlie\u00dfung beginnen. Wir setzen unsere Kernkompetenzen ein, um das Genehmigungsverfahren zu verwalten und Grundst\u00fccke f\u00fcr die Erschlie\u00dfung vorzubereiten.<\/p>\n<h3>Landverk\u00e4ufe<\/h3>\n<p>Die Strategie von Walton besteht darin, Grundst\u00fccke im Namen unserer Investoren durch den Verkauf an nationale, regionale und lokale Bauherren und Entwickler oder an Institutionen \u00fcber verschiedene Ausstiegsstrukturen zu verwerten.[\/et_pb_text][\/et_pb_column][\/et_pb_row][\/et_pb_section]<\/p>\n","protected":false},"excerpt":{"rendered":"<p>ENTWICKLUNGUNSER GESCH\u00c4FTVorteile einer Landinvestition mit Walton Waltons Auswahl von Bauland basiert auf unserem Front-End-Akquisitionsprozess in Verbindung mit unserer langj\u00e4hrigen Erfahrung [&hellip;]<\/p>\n","protected":false},"author":1,"featured_media":0,"parent":0,"menu_order":0,"comment_status":"closed","ping_status":"closed","template":"","meta":{"_acf_changed":false,"_et_pb_use_builder":"on","_et_pb_old_content":"<!-- wp:divi\/placeholder \/-->","_et_gb_content_width":"","footnotes":""},"class_list":["post-952","page","type-page","status-publish","hentry"],"acf":[],"_links":{"self":[{"href":"https:\/\/walton.com\/de\/wp-json\/wp\/v2\/pages\/952","targetHints":{"allow":["GET"]}}],"collection":[{"href":"https:\/\/walton.com\/de\/wp-json\/wp\/v2\/pages"}],"about":[{"href":"https:\/\/walton.com\/de\/wp-json\/wp\/v2\/types\/page"}],"author":[{"embeddable":true,"href":"https:\/\/walton.com\/de\/wp-json\/wp\/v2\/users\/1"}],"replies":[{"embeddable":true,"href":"https:\/\/walton.com\/de\/wp-json\/wp\/v2\/comments?post=952"}],"version-history":[{"count":0,"href":"https:\/\/walton.com\/de\/wp-json\/wp\/v2\/pages\/952\/revisions"}],"wp:attachment":[{"href":"https:\/\/walton.com\/de\/wp-json\/wp\/v2\/media?parent=952"}],"curies":[{"name":"wp","href":"https:\/\/api.w.org\/{rel}","templated":true}]}}