{"id":937,"date":"2021-05-10T16:24:40","date_gmt":"2021-05-10T16:24:40","guid":{"rendered":"https:\/\/waltonglobal.wpengine.com\/de\/?page_id=937"},"modified":"2022-05-18T16:11:26","modified_gmt":"2022-05-18T23:11:26","slug":"investment-strategy","status":"publish","type":"page","link":"https:\/\/walton.com\/de\/investment-strategy\/","title":{"rendered":"Investment Strategy"},"content":{"rendered":"<p>[et_pb_section fb_built=&#8221;1&#8243; module_class=&#8221;padding-0&#8243; _builder_version=&#8221;4.9.4&#8243; _module_preset=&#8221;default&#8221; use_background_color_gradient=&#8221;on&#8221; background_color_gradient_start=&#8221;rgba(0,52,72,0.41)&#8221; background_color_gradient_end=&#8221;rgba(29,77,93,0.2)&#8221; background_color_gradient_direction=&#8221;0deg&#8221; background_color_gradient_overlays_image=&#8221;on&#8221; background_image=&#8221;https:\/\/walton.com\/de\/wp-content\/uploads\/sites\/6\/2021\/08\/Investment-Strategy-min.jpg&#8221; module_alignment=&#8221;center&#8221; custom_padding=&#8221;0px||0px||true|false&#8221; locked=&#8221;off&#8221;][et_pb_row _builder_version=&#8221;4.9.4&#8243; _module_preset=&#8221;default&#8221; positioning=&#8221;absolute&#8221; position_origin_a=&#8221;center_center&#8221; z_index=&#8221;10&#8243; max_width=&#8221;1300px&#8221;][et_pb_column type=&#8221;4_4&#8243; _builder_version=&#8221;4.9.4&#8243; _module_preset=&#8221;default&#8221;][et_pb_text _builder_version=&#8221;4.9.4&#8243; _module_preset=&#8221;default&#8221; header_text_color=&#8221;#FFFFFF&#8221; animation_style=&#8221;slide&#8221; animation_direction=&#8221;left&#8221; animation_duration=&#8221;2000ms&#8221; animation_intensity_slide=&#8221;15%&#8221; animation_speed_curve=&#8221;ease&#8221; header_font_size_tablet=&#8221;25px&#8221; header_font_size_phone=&#8221;22px&#8221; header_font_size_last_edited=&#8221;on|tablet&#8221;]<\/p>\n<h1>INNOVATIVE INVESTITIONEN AUF DER GRUNDLAGE EINER STABILEN NACHFRAGE NACH ENTWICKLBAREM LAND<\/h1>\n<p>[\/et_pb_text][\/et_pb_column][\/et_pb_row][et_pb_row disabled_on=&#8221;off|off|off&#8221; module_class=&#8221;visibility-hidden&#8221; _builder_version=&#8221;4.9.4&#8243; _module_preset=&#8221;default&#8221; width=&#8221;100%&#8221; max_width=&#8221;100%&#8221; min_height=&#8221;250px&#8221; max_height=&#8221;500px&#8221; custom_padding=&#8221;0px||0px||true|false&#8221; custom_css_main_element=&#8221;visibility: hidden;&#8221;][et_pb_column type=&#8221;4_4&#8243; _builder_version=&#8221;4.9.4&#8243; _module_preset=&#8221;default&#8221;][et_pb_image src=&#8221;https:\/\/walton.com\/de\/wp-content\/uploads\/sites\/6\/2021\/05\/1583745168.jpeg&#8221; title_text=&#8221;1583745168&#8243; _builder_version=&#8221;4.9.4&#8243; _module_preset=&#8221;default&#8221; width=&#8221;100%&#8221;][\/et_pb_image][\/et_pb_column][\/et_pb_row][\/et_pb_section][et_pb_section fb_built=&#8221;1&#8243; _builder_version=&#8221;4.9.4&#8243; _module_preset=&#8221;default&#8221; custom_padding=&#8221;0px||||false|false&#8221;][et_pb_row _builder_version=&#8221;4.9.4&#8243; _module_preset=&#8221;default&#8221; width=&#8221;95%&#8221; max_width=&#8221;100%&#8221; custom_margin=&#8221;0px||0px||true|false&#8221; custom_padding=&#8221;12px||12px||true|false&#8221;][et_pb_column type=&#8221;4_4&#8243; _builder_version=&#8221;4.9.4&#8243; _module_preset=&#8221;default&#8221; background_color=&#8221;#FFFFFF&#8221;][et_pb_code module_class=&#8221;who-we-are-slide-text&#8221; _builder_version=&#8221;4.9.4&#8243; _module_preset=&#8221;default&#8221; positioning=&#8221;relative&#8221; text_orientation=&#8221;right&#8221; custom_margin=&#8221;||||false|false&#8221; animation_style=&#8221;slide&#8221; animation_direction=&#8221;right&#8221; animation_duration=&#8221;2000ms&#8221; animation_intensity_slide=&#8221;15%&#8221; animation_speed_curve=&#8221;ease&#8221; scroll_horizontal_motion=&#8221;0|48|48|100|4|0|-4&#8243; motion_trigger_start=&#8221;top&#8221; animation_duration_tablet=&#8221;3000ms&#8221; animation_duration_phone=&#8221;1000ms&#8221; animation_duration_last_edited=&#8221;on|phone&#8221; custom_css_main_element=&#8221;font-size: 14px;&#8221;]<span><strong>Verano<\/strong><\/span><i class=\"fas fa-map-marker-alt\"><\/i><span><strong>22 HEKTAR<\/strong><\/span> <span> | <\/span> PALM SPRINGS, CA[\/et_pb_code][\/et_pb_column][\/et_pb_row][et_pb_row _builder_version=&#8221;4.9.4&#8243; _module_preset=&#8221;default&#8221; max_width=&#8221;1300px&#8221; custom_margin=&#8221;0px||0px||false|false&#8221; custom_padding=&#8221;54px||||false|false&#8221;][et_pb_column type=&#8221;4_4&#8243; _builder_version=&#8221;4.9.4&#8243; _module_preset=&#8221;default&#8221;][et_pb_text _builder_version=&#8221;4.9.4&#8243; _module_preset=&#8221;default&#8221; header_2_text_color=&#8221;#5582A0&#8243; custom_margin=&#8221;0px||20px||false|false&#8221; custom_padding=&#8221;0px||0px||false|false&#8221;]<\/p>\n<h2>INVESTMENT STRATEGY<\/h2>\n<p>[\/et_pb_text][et_pb_text _builder_version=&#8221;4.9.4&#8243; _module_preset=&#8221;default&#8221; text_font=&#8221;||||||||&#8221; text_text_color=&#8221;#003448&#8243; text_font_size=&#8221;16px&#8221; text_line_height=&#8221;24px&#8221; ul_font=&#8221;||||||||&#8221; ul_text_color=&#8221;#003448&#8243; ul_font_size=&#8221;16px&#8221; ul_line_height=&#8221;26px&#8221; header_text_color=&#8221;#003448&#8243; header_2_text_color=&#8221;#5582A0&#8243; header_3_text_color=&#8221;#5582A0&#8243; custom_margin=&#8221;0px||0px||true|false&#8221; custom_padding=&#8221;0px||0px||true|false&#8221;]<\/p>\n<h3>Investition in dem Wachstumspfad expandierender US-St\u00e4dte<\/h3>\n<p>In den fr\u00fchen Jahren von Walton wurde umfangreiches Kapital eingesetzt, um Land in Kanada zu erwerben. Walton verlagerte seinen Fokus 2007 von Kanada weg, um den wirtschaftlichen Abschwung in den Vereinigten Staaten zu nutzen und erwarb seitdem mehr als 34.000 Hektar Land.<\/p>\n<p>F\u00fcr die US-Wirtschaft wird ein stabiles langfristiges Wachstum prognostiziert, das von Bev\u00f6lkerungswachstum, Haushaltsgr\u00fcndungen und der Schaffung von Arbeitspl\u00e4tzen getrieben ist. Dies wird zu einer erheblichen Nachfrage nach entwicklungsf\u00e4higem Land f\u00fchren, das auf dem Wachstumspfad der expandierenden US- Regionen liegt, um den Wohnbedarf einer wachsenden Bev\u00f6lkerung zu decken.<\/p>\n<p>Waltons umfassende Landuntersuchungsmethode, ein schuldenfreies Modell f\u00fcr den schuldenfreien Erwerb von Landverm\u00f6gen vor der Entwicklung, und umfassende Kenntnisse aus unserer 40-j\u00e4hrigen Unternehmensgeschichte sind St\u00e4rken, die f\u00fcr den strategischen Erwerb von Landparzellen vor der Entwicklung genutzt werden, die in unser Investitionsprofil passen.<\/p>\n<h3>Partnerschaften mit Wohnungsbauunternehmen f\u00fcr die Umwandlung von Land in Gemeinden f\u00fcr die Generationen von heute und von morgen<\/h3>\n<p>Neben der Identifizierung und dem Erwerb von Landverm\u00f6gen vor der Entwicklung ist der Exit aus und die Ver\u00e4u\u00dferung von Immobilienverm\u00f6gen an gro\u00dfe nationale und regionale Bauunternehmen und Bautr\u00e4ger in den USA von grundlegender Bedeutung f\u00fcr die Anlagestrategie von Walton.<\/p>\n<p>Das Verm\u00f6gensverwaltungs-Modell von Walton konzentriert sich auf die Strukturierung von Vertr\u00e4gen mit erstklassigen Bauunternehmen und Bautr\u00e4gern, um Landverm\u00f6gen vor der Entwicklung in ganz Nordamerika zu monetarisieren.<\/p>\n<p>Walton verfolgt einen langfristigen Ansatz in Bezug auf Landplanung und -berechtigungen und arbeitet mit Bauunternehmen und Bautr\u00e4gern zusammen, um nachhaltige Gemeinden zu schaffen, die den Test der Zeit bestehen: Heimatst\u00e4dte f\u00fcr die Generationen von heute und morgen.<\/p>\n<p>[\/et_pb_text][\/et_pb_column][\/et_pb_row][\/et_pb_section]<\/p>\n","protected":false},"excerpt":{"rendered":"<p>INNOVATIVE INVESTITIONEN AUF DER GRUNDLAGE EINER STABILEN NACHFRAGE NACH ENTWICKLBAREM LANDINVESTMENT STRATEGYInvestition in dem Wachstumspfad expandierender US-St\u00e4dte In den fr\u00fchen [&hellip;]<\/p>\n","protected":false},"author":1,"featured_media":0,"parent":0,"menu_order":0,"comment_status":"closed","ping_status":"closed","template":"","meta":{"_acf_changed":false,"_et_pb_use_builder":"on","_et_pb_old_content":"<!-- wp:divi\/placeholder \/-->","_et_gb_content_width":"","footnotes":""},"class_list":["post-937","page","type-page","status-publish","hentry"],"acf":[],"_links":{"self":[{"href":"https:\/\/walton.com\/de\/wp-json\/wp\/v2\/pages\/937","targetHints":{"allow":["GET"]}}],"collection":[{"href":"https:\/\/walton.com\/de\/wp-json\/wp\/v2\/pages"}],"about":[{"href":"https:\/\/walton.com\/de\/wp-json\/wp\/v2\/types\/page"}],"author":[{"embeddable":true,"href":"https:\/\/walton.com\/de\/wp-json\/wp\/v2\/users\/1"}],"replies":[{"embeddable":true,"href":"https:\/\/walton.com\/de\/wp-json\/wp\/v2\/comments?post=937"}],"version-history":[{"count":0,"href":"https:\/\/walton.com\/de\/wp-json\/wp\/v2\/pages\/937\/revisions"}],"wp:attachment":[{"href":"https:\/\/walton.com\/de\/wp-json\/wp\/v2\/media?parent=937"}],"curies":[{"name":"wp","href":"https:\/\/api.w.org\/{rel}","templated":true}]}}