{"id":3,"date":"2021-03-17T04:03:18","date_gmt":"2021-03-17T04:03:18","guid":{"rendered":"https:\/\/waltonglobal.wpengine.com\/de\/?page_id=3"},"modified":"2021-11-14T11:46:20","modified_gmt":"2021-11-14T18:46:20","slug":"privacy-policy","status":"publish","type":"page","link":"https:\/\/walton.com\/de\/privacy-policy\/","title":{"rendered":"Datenschutzbestimmungen"},"content":{"rendered":"<p>[et_pb_section fb_built=&#8221;1&#8243; _builder_version=&#8221;4.9.4&#8243; _module_preset=&#8221;default&#8221; locked=&#8221;off&#8221;][et_pb_row _builder_version=&#8221;4.9.4&#8243; _module_preset=&#8221;default&#8221; max_width=&#8221;1224px&#8221;][et_pb_column type=&#8221;4_4&#8243; _builder_version=&#8221;4.9.4&#8243; _module_preset=&#8221;default&#8221;][et_pb_post_title meta=&#8221;off&#8221; featured_image=&#8221;off&#8221; _builder_version=&#8221;4.9.4&#8243; _module_preset=&#8221;default&#8221; title_font=&#8221;||||||||&#8221; title_text_color=&#8221;#003448&#8243; custom_margin=&#8221;||||false|false&#8221; custom_padding=&#8221;||||false|false&#8221; custom_css_post_title=&#8221;text-transform: uppercase;||font-size: 40px;||font-family: %22Berthold Akzidenz Grotesk Medium%22,%22Helvetica Neue%22,Helvetica,Roboto,Arial,sans-serif!important;||width: 100%;||margin: 0;||padding: 0;&#8221; custom_css_post_title_last_edited=&#8221;on|phone&#8221; custom_css_post_title_tablet=&#8221;text-transform: uppercase;||font-size: 35px;||font-family: %22Berthold Akzidenz Grotesk Medium%22,%22Helvetica Neue%22,Helvetica,Roboto,Arial,sans-serif!important;||width: 100%;||margin: 0;||padding: 0;&#8221; custom_css_post_title_phone=&#8221;text-transform: uppercase;||font-size: 30px;||font-family: %22Berthold Akzidenz Grotesk Medium%22,%22Helvetica Neue%22,Helvetica,Roboto,Arial,sans-serif!important;||width: 100%;||margin: 0;||padding: 0;&#8221;][\/et_pb_post_title][et_pb_code module_class=&#8221;privacy-title &#8221; _builder_version=&#8221;4.9.4&#8243; _module_preset=&#8221;default&#8221; custom_margin=&#8221;0px||0px||false|false&#8221; custom_padding=&#8221;0px||0px||false|false&#8221;]<\/p>\n<h3>Datenschutzerkl\u00e4rung f\u00fcr Kunden &#8211; Erhebung, Verwendung und Weitergabe von pers\u00f6nlichen Informationen<\/h3>\n<p>[\/et_pb_code][et_pb_text module_class=&#8221;terms-of-use &#8221; _builder_version=&#8221;4.9.4&#8243; _module_preset=&#8221;default&#8221; text_text_color=&#8221;#003448&#8243; text_font_size=&#8221;16px&#8221; custom_margin=&#8221;||||false|false&#8221; custom_padding=&#8221;60px||||false|false&#8221;]<\/p>\n<h4>GELTUNGSBEREICH UND ANWENDUNG DER RICHTLINIE<\/h4>\n<p>Die Walton Group of Companies und die mit ihr verbundenen Unternehmen (&#8220;Walton Group&#8221;) verpflichten sich, die Richtigkeit, Vertraulichkeit und Sicherheit Ihrer pers\u00f6nlichen Daten als Kunde von Walton zu sch\u00fctzen und zu wahren. Diese Datenschutzrichtlinie f\u00fcr Kunden beschreibt die pers\u00f6nlichen Daten, die Walton von Ihnen oder \u00fcber Sie sammelt, wie wir diese Daten verwenden und an wen und unter welchen Umst\u00e4nden wir diese Daten weitergeben.<\/p>\n<p>Diese Datenschutzrichtlinie f\u00fcr Kunden (&#8220;Richtlinie&#8221;) gilt f\u00fcr alle kommerziellen und gesch\u00e4ftlichen Beziehungen, an denen Walton beteiligt ist. Die Richtlinie soll die Datenschutzgesetze in Bezug auf kommerzielle Aktivit\u00e4ten in allen Gerichtsbarkeiten erf\u00fcllen, in denen Walton t\u00e4tig ist, sofern diese Gesetze in Kraft sind. Soweit Walton in Kanada in Provinzen t\u00e4tig ist, die keine Datenschutzgesetze verabschiedet haben, entspricht diese Richtlinie der Bundesgesetzgebung, die f\u00fcr solche Rechtsgebiete gilt.<\/p>\n<h4>DATENSCHUTZBEAUFTRAGTER<\/h4>\n<p>Um die Einhaltung dieser Richtlinie und der geltenden Datenschutzgesetze zu gew\u00e4hrleisten, hat Walton einen Datenschutzbeauftragten ernannt. Der Datenschutzbeauftragte von Walton wird sich auch mit Beschwerden gegen diese Richtlinie befassen und diese von Fall zu Fall beurteilen. Wenn Sie Fragen oder Beschwerden \u00fcber die Anwendung dieser Richtlinie haben, wenden Sie sich bitte an den Datenschutzbeauftragten von Walton:<\/p>\n<ul>\n<li><strong>Frau Clara Chong<\/strong><\/li>\n<li>Datenschutzbeauftragte<\/li>\n<li>Walton Unternehmensgruppe<\/li>\n<li>Anschrift: 21. Stock, Sun Life Plaza, West Tower, 144 &#8211; 4th Avenue SW, Calgary, Alberta T2P 3N4<\/li>\n<li>Direktes Telefon:<span>\u00a0<\/span><a href=\"tel:(403) 750-2295\">(403) 750-2295<\/a><\/li>\n<li>Vertrauliches Fax:<span>\u00a0<\/span><a href=\"tel:(403) 261-3918\">(403) 261-3918<\/a><\/li>\n<li>E-Mail:<span>\u00a0<\/span><a href=\"mailto:cchong@walton.com\">cchong@walton.com<\/a><\/li>\n<\/ul>\n<h4>ERHEBUNG, VERWENDUNG UND WEITERGABE PERSONENBEZOGENER INFORMATIONEN<\/h4>\n<p>Im Sinne dieser Datenschutzerkl\u00e4rung f\u00fcr Kunden sind personenbezogene Daten alle Informationen \u00fcber eine identifizierbare Person, mit Ausnahme der Gesch\u00e4ftsbezeichnung oder der gesch\u00e4ftlichen Kontaktdaten, die im Rahmen einer gesch\u00e4ftlichen T\u00e4tigkeit erhoben, verwendet oder offengelegt werden, um Gesch\u00e4fte mit Ihnen zu t\u00e4tigen oder Ihnen Dienstleistungen oder Produkte anzubieten.<\/p>\n<p>Die Art der Informationen, die wir \u00fcber Sie sammeln, umfasst Folgendes:<\/p>\n<ul>\n<li>Informationen wie Name, Wohnanschrift, Telefonnummer und E-Mail-Adresse<\/li>\n<li>Sozialversicherungsnummer, Personalausweisnummer oder eine andere staatliche Identifikationsnummer<\/li>\n<li>Kopien aller Vereinbarungen, die Sie mit uns treffen<\/li>\n<li>Informationen, die Sie uns zur Verf\u00fcgung stellen, wie z. B. Ihre Pr\u00e4ferenzen, die Identit\u00e4t Ihrer Berater und Entscheidungstr\u00e4ger, Feedback und Kommentare<\/li>\n<li>Kredit- und Finanzinformationen<\/li>\n<li>\u00dcberpr\u00fcfung Ihrer Identit\u00e4t, um Zugang zur Website zu gew\u00e4hren<\/li>\n<\/ul>\n<p>Walton verwendet die oben genannten pers\u00f6nlichen Daten f\u00fcr verschiedene Zwecke im Zusammenhang mit der Verwaltung unseres Gesch\u00e4fts und unserer Beziehung zu Ihnen. Diese Zwecke umfassen, sind aber nicht beschr\u00e4nkt auf die folgenden:<\/p>\n<ul>\n<li>Aufbau, Pflege und Verwaltung einer Gesch\u00e4ftsbeziehung mit Ihnen, damit wir Ihnen die von Ihnen gew\u00fcnschten Dienstleistungen oder Produkte anbieten k\u00f6nnen<\/li>\n<li>Erm\u00f6glichung der Erf\u00fcllung Ihrer W\u00fcnsche, wie z. B. die bevorzugte Art der Kommunikation<\/li>\n<li>Weitergabe Ihrer pers\u00f6nlichen Daten an eine Partei, die Sie vertritt, wie z. B. Ihren Anlagevertreter, Finanzplaner oder an andere Dritte auf Ihre Anweisung\/Zustimmung hin<\/li>\n<li>Erm\u00f6glicht uns die \u00dcberpr\u00fcfung der Produkte und Dienstleistungen, die wir Ihnen anbieten, damit wir Ihre Anforderungen an unsere Produkte und Dienstleistungen verstehen und unsere Produkte und Dienstleistungen verbessern k\u00f6nnen<\/li>\n<li>Weitergabe Ihrer pers\u00f6nlichen Daten innerhalb der Walton Group of Companies zum Zwecke der Kontaktaufnahme mit Ihnen in Ihrer Rolle als Investor, einschlie\u00dflich der Information \u00fcber Investitionsm\u00f6glichkeiten<\/li>\n<li>Schutz unseres Unternehmens vor Fehlern, Betrug, Diebstahl und Sch\u00e4den an unseren Waren und unserem Eigentum<\/li>\n<li>Erm\u00f6glichung der Einhaltung geltender Gesetze oder regulatorischer Anforderungen (einschlie\u00dflich steuerlicher Anforderungen)<\/li>\n<li>Sicherung und Schutz der vertraulichen Informationen von Walton<\/li>\n<li>Andere Zwecke, die vern\u00fcnftigerweise f\u00fcr die Verwaltung unserer Gesch\u00e4ftsbeziehung mit Ihnen und die Verwaltung der Gesch\u00e4fte von Walton erforderlich sind<\/li>\n<\/ul>\n<p>Walton gibt Ihre pers\u00f6nlichen Daten an seine Mitarbeiter, Wirtschaftspr\u00fcfer, Auftragnehmer und Berater sowie an andere Parteien weiter, einschlie\u00dflich seiner Tochtergesellschaften und verbundenen Unternehmen (die &#8220;Walton-Gruppe&#8221;), die diese Daten ben\u00f6tigen, um uns bei der Verwaltung unserer Gesch\u00e4ftsbeziehung mit Ihnen zu unterst\u00fctzen. Dazu geh\u00f6ren Dritte, die f\u00fcr uns oder in unserem Namen Dienstleistungen erbringen, Dritte, die mit Walton bei der Erbringung von Dienstleistungen f\u00fcr Sie zusammenarbeiten, und Dritte, mit denen wir Vertr\u00e4ge zur Erbringung unserer Dienstleistungen abschlie\u00dfen.<\/p>\n<p>Dar\u00fcber hinaus k\u00f6nnen Ihre pers\u00f6nlichen Daten offengelegt oder an eine andere Partei \u00fcbertragen werden (einschlie\u00dflich an ein anderes Mitglied der Walton-Gruppe oder ein verbundenes Unternehmen von Walton), wenn sich die Eigentumsverh\u00e4ltnisse an Walton oder Teilen von Walton durch eine Verkaufstransaktion oder eine andere Form des Unternehmenszusammenschlusses, einer Fusion oder eines Joint Ventures \u00e4ndern oder ein Sicherheitsinteresse daran einger\u00e4umt wird. Unter diesen Umst\u00e4nden geben wir personenbezogene Daten nur dann weiter, wenn die Dritten sich bereit erkl\u00e4ren, diese personenbezogenen Daten ausschlie\u00dflich f\u00fcr die Zwecke der Bewertung und Durchf\u00fchrung der Transaktion zu verwenden und in Bezug auf diese Daten in \u00dcbereinstimmung mit den in dieser Datenschutzrichtlinie f\u00fcr Kunden dargelegten Grunds\u00e4tzen zu handeln.<\/p>\n<p>Walton kann Vertr\u00e4ge mit Dritten abschlie\u00dfen, die in einem oder mehreren L\u00e4ndern au\u00dferhalb Kanadas ans\u00e4ssig sind, einschlie\u00dflich m\u00f6glicherweise in den Vereinigten Staaten von Amerika oder der Europ\u00e4ischen Union, um Walton mit der Verarbeitung, Speicherung oder anderen administrativen oder datenbezogenen Dienstleistungen zu versorgen. Bitte beachten Sie, dass in diesem Fall Ihre Daten in diese L\u00e4nder \u00fcbertragen, dort verarbeitet, verwendet und gespeichert werden k\u00f6nnen und dass die Regierungen, Gerichte oder Strafverfolgungs- oder Aufsichtsbeh\u00f6rden in diesen L\u00e4ndern in der Lage sein k\u00f6nnen, die Offenlegung Ihrer Daten durch die Gesetze dieser L\u00e4nder oder gem\u00e4\u00df einer rechtm\u00e4\u00dfigen Anordnung in diesen L\u00e4ndern zu erwirken.<\/p>\n<h4>ZUSTIMMUNG<\/h4>\n<p>Wir ben\u00f6tigen Ihre Zustimmung, um Ihre pers\u00f6nlichen Daten in \u00dcbereinstimmung mit dieser Richtlinie zu sammeln, zu verwenden und weiterzugeben. Die Zustimmung kann ausdr\u00fccklich oder stillschweigend erfolgen. Die ausdr\u00fcckliche Zustimmung kann m\u00fcndlich oder schriftlich erteilt werden, auch durch elektronische \u00dcbermittlung. Eine stillschweigende Zustimmung ist eine Zustimmung, die vern\u00fcnftigerweise aus Ihrem Handeln oder Nichthandeln abgeleitet werden kann. Indem Sie uns die in dieser Richtlinie beschriebenen pers\u00f6nlichen Daten zur Verf\u00fcgung stellen, gehen wir davon aus, dass Sie Walton stillschweigend Ihr Einverst\u00e4ndnis gegeben haben, Ihre pers\u00f6nlichen Daten in \u00dcbereinstimmung mit dieser Richtlinie zu sammeln, zu verwenden und weiterzugeben.<\/p>\n<p>Sie k\u00f6nnen Ihre Zustimmung zur Erhebung, Verwendung und Weitergabe Ihrer pers\u00f6nlichen Daten durch Walton jederzeit widerrufen oder einschr\u00e4nken, vorbehaltlich Ihrer gesetzlichen und vertraglichen Verpflichtungen, die Sie uns gegen\u00fcber aufgrund unserer Gesch\u00e4ftsbeziehung haben. Sie m\u00fcssen uns in angemessener Weise \u00fcber den Widerruf Ihrer Zustimmung informieren. Alle Mitteilungen in Bezug auf den Widerruf oder die Einschr\u00e4nkung Ihrer Zustimmung sollten schriftlich an unseren Datenschutzbeauftragten gerichtet werden.<\/p>\n<p>Unter bestimmten Umst\u00e4nden ist Walton berechtigt oder verpflichtet, Ihre pers\u00f6nlichen Daten ohne Ihre Zustimmung weiterzugeben. Zu diesen Umst\u00e4nden geh\u00f6ren unter anderem:<\/p>\n<ul>\n<li>Zum Schutz Ihrer Gesundheit oder Sicherheit<\/li>\n<li>Die Offenlegung ist f\u00fcr eine Untersuchung oder ein Verfahren erforderlich<\/li>\n<li>Die Offenlegung ist gesetzlich vorgeschrieben oder genehmigt<\/li>\n<li>Die Offenlegung ist erforderlich, um einer Vorladung, einem Haftbefehl oder einer Anordnung eines Gerichts oder einer anderen Stelle nachzukommen, die befugt ist, die Vorlage der Informationen zu erzwingen<\/li>\n<li>Die Offenlegung erfolgt gegen\u00fcber einer \u00f6ffentlichen Stelle und bezieht sich auf die Untersuchung einer Straftat.<\/li>\n<li>Die Offenlegung erfolgt gegen\u00fcber einem Anwalt, der Walton vertritt.<\/li>\n<li>Die Weitergabe ist erforderlich, um auf einen Notfall zu reagieren.<\/li>\n<li>Wenn die pers\u00f6nlichen Informationen \u00f6ffentlich zug\u00e4nglich sind<\/li>\n<\/ul>\n<h4>GENAUIGKEIT UND AUFBEWAHRUNG VON PERSONENBEZOGENEN INFORMATIONEN<\/h4>\n<p>Walton ist bestrebt, sicherzustellen, dass alle in seinem Besitz befindlichen pers\u00f6nlichen Daten so genau, aktuell und vollst\u00e4ndig sind, wie es f\u00fcr die Zwecke, f\u00fcr die wir diese Daten verwenden, erforderlich ist. Wenn sich Ihre pers\u00f6nlichen Daten \u00e4ndern oder Sie glauben, dass die Informationen, die wir \u00fcber Sie haben, nicht korrekt sind, benachrichtigen Sie uns bitte so bald wie m\u00f6glich. Jede Anfrage zur \u00dcberpr\u00fcfung oder Korrektur Ihrer pers\u00f6nlichen Daten muss schriftlich an den Datenschutzbeauftragten von Walton gerichtet werden. Unter bestimmten Umst\u00e4nden k\u00f6nnen wir Ihrem Antrag auf \u00c4nderung Ihrer pers\u00f6nlichen Daten nicht zustimmen, sondern werden stattdessen einen alternativen Text an den betreffenden Datensatz anh\u00e4ngen.<\/p>\n<p>Wir bewahren Ihre pers\u00f6nlichen Daten nur so lange auf, wie sie f\u00fcr die Zwecke, f\u00fcr die sie erhoben wurden, erforderlich sind. Wie lange wir die Daten aufbewahren, h\u00e4ngt vom Produkt oder der Dienstleistung und der Art der Daten ab. Dieser Zeitraum kann sich \u00fcber das Ende Ihrer Gesch\u00e4ftsbeziehung mit uns hinaus erstrecken, aber nur so lange, wie es f\u00fcr uns notwendig ist, um \u00fcber ausreichende Informationen zu verf\u00fcgen, um auf sp\u00e4ter auftretende Probleme reagieren zu k\u00f6nnen und um die geltenden Gesetze und Vorschriften einzuhalten. Wenn wir Ihre personenbezogenen Daten nicht mehr ben\u00f6tigen, werden wir sie entweder vernichten oder l\u00f6schen oder sie anonymisieren, so dass sie nicht mit Ihnen in Verbindung gebracht oder zu Ihnen zur\u00fcckverfolgt werden k\u00f6nnen.<\/p>\n<h4>DEN SCHUTZ PERSONENBEZOGENER DATEN<\/h4>\n<p>Walton verpflichtet sich, die Sicherheit Ihrer pers\u00f6nlichen Daten zu sch\u00fctzen. Wir bem\u00fchen uns, physische, technische und verfahrenstechnische Schutzma\u00dfnahmen zu ergreifen, die der Sensibilit\u00e4t der betreffenden personenbezogenen Daten angemessen sind. Diese Schutzma\u00dfnahmen sollen Ihre pers\u00f6nlichen Daten vor Verlust und unbefugtem Zugriff, Kopieren, Verwendung, \u00c4nderung oder Offenlegung sch\u00fctzen.<\/p>\n<h4>ZUGANG ZU IHREN PERS\u00d6NLICHEN INFORMATIONEN<\/h4>\n<p>Sie k\u00f6nnen Einsicht in die pers\u00f6nlichen Daten verlangen, die wir \u00fcber Sie gespeichert haben. Ein Antrag auf Einsicht in Ihre pers\u00f6nlichen Daten muss schriftlich an den Datenschutzbeauftragten von Walton gestellt werden. Walton wird sich bem\u00fchen, die angeforderten Informationen innerhalb eines angemessenen Zeitraums ab dem Datum der schriftlichen Anfrage oder innerhalb des gesetzlich vorgeschriebenen Zeitraums bereitzustellen.<\/p>\n<p>Wenn Sie einen Antrag auf Einsicht in Ihre pers\u00f6nlichen Daten stellen, k\u00f6nnen wir spezifische Informationen von Ihnen verlangen, um Ihre Identit\u00e4t und Ihr Recht auf Zugang zu diesen Daten zu best\u00e4tigen. Wir k\u00f6nnen auch Informationen anfordern, die uns beim Auffinden Ihrer personenbezogenen Daten helfen. Wir k\u00f6nnen f\u00fcr den Zugang zu Ihren pers\u00f6nlichen Daten eine Geb\u00fchr erheben; wenn dies der Fall ist, werden wir Sie zum Zeitpunkt Ihrer Anfrage oder innerhalb kurzer Zeit danach \u00fcber diese Geb\u00fchr informieren.<\/p>\n<p>Walton beh\u00e4lt sich das Recht vor, den Zugang zu personenbezogenen Daten unter bestimmten Umst\u00e4nden zu verweigern. Dazu geh\u00f6ren unter anderem Umst\u00e4nde, unter denen die angeforderten Informationen nicht zug\u00e4nglich sind:<\/p>\n<ul>\n<li>Pers\u00f6nliche Informationen, einschlie\u00dflich Meinungen, \u00fcber eine andere Person preisgeben w\u00fcrde<\/li>\n<li>Gesch\u00e4ftsgeheimnisse von Walton oder andere vertrauliche Gesch\u00e4ftsinformationen offenlegen w\u00fcrde<\/li>\n<li>Unter das Anwaltsgeheimnis fallen<\/li>\n<li>Nicht ohne weiteres abrufbar ist und der Aufwand oder die Kosten f\u00fcr die Bereitstellung der Informationen in keinem Verh\u00e4ltnis zum Wert der Informationen stehen w\u00fcrden<\/li>\n<li>Nicht existiert oder nicht auffindbar ist<\/li>\n<li>Der Person, die die Informationen anfordert, ernsthaften Schaden zuf\u00fcgen, das Leben, die Sicherheit oder die Gesundheit einer anderen Person ernsthaft gef\u00e4hrden oder eine andere Person emotional schwer verletzen oder in Verlegenheit bringen k\u00f6nnte<\/li>\n<li>Kann Strafverfolgungsaktivit\u00e4ten und andere Ermittlungs- oder Regulierungsfunktionen einer gesetzlich dazu befugten Stelle beeintr\u00e4chtigen oder st\u00f6ren<\/li>\n<li>Aufgrund anderer Rechtsvorschriften zur\u00fcckgehalten werden k\u00f6nnen oder m\u00fcssen<\/li>\n<\/ul>\n<p>Wenn angeforderte Informationen nicht weitergegeben werden oder k\u00f6nnen, wird Walton die Gr\u00fcnde f\u00fcr die Nichtweitergabe angeben.<\/p>\n<h4>COOKIE-POLITIK<\/h4>\n<p>Walton verwendet Cookies und \u00e4hnliche Technologien wie JavaScript und HTML (&#8220;Cookies&#8221;) auf seinen Websites, um Ihr Online-Erlebnis zu erleichtern und zu verbessern.<\/p>\n<h4>WIE WIR COOKIES VERWENDEN<\/h4>\n<p>Wenn Sie Walton.com besuchen, l\u00e4dt Ihr Webbrowser automatisch Cookies auf Ihr Ger\u00e4t herunter. Cookies erm\u00f6glichen ein schnelleres Laden der Website-Inhalte und helfen Ihnen, effizient zu navigieren, um die von Ihnen angeforderten Informationen und Dienstleistungen zu erhalten. Cookies erm\u00f6glichen es unserer Website auch, sich an Ihre Pr\u00e4ferenzen zu erinnern, wie z. B. die Auswahl der Sprache, und helfen Ihnen, Informationen anzuzeigen, die Ihren Interessen am ehesten entsprechen. Waltons Content-Manager-Server von Drittanbietern verwendet Cookies, um Sitzungsdaten zu speichern, damit Sie die Walton-Website verlassen, zur\u00fcckkehren und eingeloggt bleiben k\u00f6nnen.<\/p>\n<p>Walton verwendet eine Plattform namens Eloqua, um Informationen per E-Mail zu versenden und um den Status der E-Mail-Zustimmung in \u00dcbereinstimmung mit den kanadischen Anti-Spam-Gesetzen zu verwalten und zu verfolgen. Wenn Sie eine Eloqua-Landingpage oder eine Walton-Webseite besuchen, die Eloqua-Tracking-Skripte enth\u00e4lt, verwendet Walton \u00fcber Eloqua die Cookies, um Website-Besuche, das \u00d6ffnen von E-Mails, das Anklicken von E-Mail-Links und Abmeldeanfragen zu z\u00e4hlen.<\/p>\n<h4>\u00dcBERARBEITUNG DIESER POLITIK<\/h4>\n<p>Walton kann diese Datenschutzrichtlinie f\u00fcr Kunden von Zeit zu Zeit \u00e4ndern, um \u00c4nderungen der gesetzlichen oder beh\u00f6rdlichen Verpflichtungen oder der Art und Weise, wie wir mit Ihren pers\u00f6nlichen Daten umgehen, Rechnung zu tragen. Wir werden jede \u00fcberarbeitete Version dieser Richtlinie auf unserer Website unter<span>\u00a0<\/span><a href=\"https:\/\/www.walton.com\/\">www.Walton.com<\/a> ver\u00f6ffentlichen. Wir empfehlen Ihnen, diese Website regelm\u00e4\u00dfig zu besuchen. Jegliche \u00c4nderungen an dieser Richtlinie treten mit dem Datum in Kraft, an dem sie auf der Website ver\u00f6ffentlicht werden.<\/p>\n<h4>AUSLEGUNG DIESER POLITIK<\/h4>\n<p>Der Datenschutzbeauftragte hat die Verantwortung und Befugnis, diese Richtlinie auszulegen und zu verwalten. Diese Richtlinie schafft oder \u00fcbertr\u00e4gt keine zus\u00e4tzlichen Rechte oder Pflichten zu denen, die durch die Datenschutzgesetze der Provinzen oder des Bundes auferlegt werden. Sollte es in einem bestimmten Fall zu Widerspr\u00fcchen zwischen dieser Richtlinie und den geltenden Datenschutzgesetzen der Provinzen oder des Bundes kommen, so wird diese Richtlinie so ausgelegt, dass sie diese Datenschutzgesetze ber\u00fccksichtigt und einh\u00e4lt.[\/et_pb_text][\/et_pb_column][\/et_pb_row][\/et_pb_section]<\/p>\n","protected":false},"excerpt":{"rendered":"<p>GELTUNGSBEREICH UND ANWENDUNG DER RICHTLINIE Die Walton Group of Companies und die mit ihr verbundenen Unternehmen (&#8220;Walton Group&#8221;) verpflichten sich, [&hellip;]<\/p>\n","protected":false},"author":1,"featured_media":0,"parent":0,"menu_order":0,"comment_status":"closed","ping_status":"open","template":"","meta":{"_acf_changed":false,"_et_pb_use_builder":"on","_et_pb_old_content":"<!-- wp:heading --><h2>Who we are<\/h2><!-- \/wp:heading --><!-- wp:paragraph --><p><strong class=\"privacy-policy-tutorial\">Suggested text: <\/strong>Our website address is: https:\/\/walton.com\/de.<\/p><!-- \/wp:paragraph --><!-- wp:heading --><h2>Comments<\/h2><!-- \/wp:heading --><!-- wp:paragraph --><p><strong class=\"privacy-policy-tutorial\">Suggested text: <\/strong>When visitors leave comments on the site we collect the data shown in the comments form, and also the visitor\u2019s IP address and browser user agent string to help spam detection.<\/p><!-- \/wp:paragraph --><!-- wp:paragraph --><p>An anonymized string created from your email address (also called a hash) may be provided to the Gravatar service to see if you are using it. The Gravatar service privacy policy is available here: https:\/\/automattic.com\/privacy\/. After approval of your comment, your profile picture is visible to the public in the context of your comment.<\/p><!-- \/wp:paragraph --><!-- wp:heading --><h2>Media<\/h2><!-- \/wp:heading --><!-- wp:paragraph --><p><strong class=\"privacy-policy-tutorial\">Suggested text: <\/strong>If you upload images to the website, you should avoid uploading images with embedded location data (EXIF GPS) included. Visitors to the website can download and extract any location data from images on the website.<\/p><!-- \/wp:paragraph --><!-- wp:heading --><h2>Cookies<\/h2><!-- \/wp:heading --><!-- wp:paragraph --><p><strong class=\"privacy-policy-tutorial\">Suggested text: <\/strong>If you leave a comment on our site you may opt-in to saving your name, email address and website in cookies. These are for your convenience so that you do not have to fill in your details again when you leave another comment. These cookies will last for one year.<\/p><!-- \/wp:paragraph --><!-- wp:paragraph --><p>If you visit our login page, we will set a temporary cookie to determine if your browser accepts cookies. This cookie contains no personal data and is discarded when you close your browser.<\/p><!-- \/wp:paragraph --><!-- wp:paragraph --><p>When you log in, we will also set up several cookies to save your login information and your screen display choices. Login cookies last for two days, and screen options cookies last for a year. If you select \"Remember Me\", your login will persist for two weeks. If you log out of your account, the login cookies will be removed.<\/p><!-- \/wp:paragraph --><!-- wp:paragraph --><p>If you edit or publish an article, an additional cookie will be saved in your browser. This cookie includes no personal data and simply indicates the post ID of the article you just edited. It expires after 1 day.<\/p><!-- \/wp:paragraph --><!-- wp:heading --><h2>Embedded content from other websites<\/h2><!-- \/wp:heading --><!-- wp:paragraph --><p><strong class=\"privacy-policy-tutorial\">Suggested text: <\/strong>Articles on this site may include embedded content (e.g. videos, images, articles, etc.). Embedded content from other websites behaves in the exact same way as if the visitor has visited the other website.<\/p><!-- \/wp:paragraph --><!-- wp:paragraph --><p>These websites may collect data about you, use cookies, embed additional third-party tracking, and monitor your interaction with that embedded content, including tracking your interaction with the embedded content if you have an account and are logged in to that website.<\/p><!-- \/wp:paragraph --><!-- wp:heading --><h2>Who we share your data with<\/h2><!-- \/wp:heading --><!-- wp:paragraph --><p><strong class=\"privacy-policy-tutorial\">Suggested text: <\/strong>If you request a password reset, your IP address will be included in the reset email.<\/p><!-- \/wp:paragraph --><!-- wp:heading --><h2>How long we retain your data<\/h2><!-- \/wp:heading --><!-- wp:paragraph --><p><strong class=\"privacy-policy-tutorial\">Suggested text: <\/strong>If you leave a comment, the comment and its metadata are retained indefinitely. This is so we can recognize and approve any follow-up comments automatically instead of holding them in a moderation queue.<\/p><!-- \/wp:paragraph --><!-- wp:paragraph --><p>For users that register on our website (if any), we also store the personal information they provide in their user profile. All users can see, edit, or delete their personal information at any time (except they cannot change their username). Website administrators can also see and edit that information.<\/p><!-- \/wp:paragraph --><!-- wp:heading --><h2>What rights you have over your data<\/h2><!-- \/wp:heading --><!-- wp:paragraph --><p><strong class=\"privacy-policy-tutorial\">Suggested text: <\/strong>If you have an account on this site, or have left comments, you can request to receive an exported file of the personal data we hold about you, including any data you have provided to us. You can also request that we erase any personal data we hold about you. This does not include any data we are obliged to keep for administrative, legal, or security purposes.<\/p><!-- \/wp:paragraph --><!-- wp:heading --><h2>Where we send your data<\/h2><!-- \/wp:heading --><!-- wp:paragraph --><p><strong class=\"privacy-policy-tutorial\">Suggested text: <\/strong>Visitor comments may be checked through an automated spam detection service.<\/p><!-- \/wp:paragraph -->","_et_gb_content_width":"","footnotes":""},"class_list":["post-3","page","type-page","status-publish","hentry"],"acf":[],"_links":{"self":[{"href":"https:\/\/walton.com\/de\/wp-json\/wp\/v2\/pages\/3","targetHints":{"allow":["GET"]}}],"collection":[{"href":"https:\/\/walton.com\/de\/wp-json\/wp\/v2\/pages"}],"about":[{"href":"https:\/\/walton.com\/de\/wp-json\/wp\/v2\/types\/page"}],"author":[{"embeddable":true,"href":"https:\/\/walton.com\/de\/wp-json\/wp\/v2\/users\/1"}],"replies":[{"embeddable":true,"href":"https:\/\/walton.com\/de\/wp-json\/wp\/v2\/comments?post=3"}],"version-history":[{"count":0,"href":"https:\/\/walton.com\/de\/wp-json\/wp\/v2\/pages\/3\/revisions"}],"wp:attachment":[{"href":"https:\/\/walton.com\/de\/wp-json\/wp\/v2\/media?parent=3"}],"curies":[{"name":"wp","href":"https:\/\/api.w.org\/{rel}","templated":true}]}}